{"id":10598,"date":"2022-12-15T13:04:03","date_gmt":"2022-12-15T13:04:03","guid":{"rendered":"https:\/\/globalcoffeeindustries.es\/legal-notice\/"},"modified":"2022-12-15T13:17:09","modified_gmt":"2022-12-15T13:17:09","slug":"legal-notice","status":"publish","type":"page","link":"https:\/\/globalcoffeeindustries.com\/es\/legal-notice\/","title":{"rendered":"Aviso Legal"},"content":{"rendered":"<div data-elementor-type=\"wp-page\" data-elementor-id=\"10598\" class=\"elementor elementor-10598\" data-elementor-post-type=\"page\">\n\t\t\t\t\t\t<section class=\"elementor-section elementor-top-section elementor-element elementor-element-78a2419 elementor-section-boxed elementor-section-height-default elementor-section-height-default\" data-id=\"78a2419\" data-element_type=\"section\">\n\t\t\t\t\t\t<div class=\"elementor-container elementor-column-gap-default\">\n\t\t\t\t\t<div class=\"elementor-column elementor-col-100 elementor-top-column elementor-element elementor-element-4347486a\" data-id=\"4347486a\" data-element_type=\"column\">\n\t\t\t<div class=\"elementor-widget-wrap elementor-element-populated\">\n\t\t\t\t\t\t<div class=\"elementor-element elementor-element-428eea6 elementor-widget elementor-widget-heading\" data-id=\"428eea6\" data-element_type=\"widget\" data-widget_type=\"heading.default\">\n\t\t\t\t<div class=\"elementor-widget-container\">\n\t\t\t\t\t<h1 class=\"elementor-heading-title elementor-size-default\">Aviso Legal<\/h1>\t\t\t\t<\/div>\n\t\t\t\t<\/div>\n\t\t\t\t<div class=\"elementor-element elementor-element-1aaf3df elementor-widget elementor-widget-text-editor\" data-id=\"1aaf3df\" data-element_type=\"widget\" data-widget_type=\"text-editor.default\">\n\t\t\t\t<div class=\"elementor-widget-container\">\n\t\t\t\t\t\t\t\t\t<p class=\"p1\" style=\"text-align: center\"><b>GLOBAL COFFEE INDUSTRIES S.A.<\/b><\/p><p class=\"p1\" style=\"text-align: center\">C.I.F. A90352329<\/p><p class=\"p1\" style=\"text-align: center\">C\/ Acueducto, 30<\/p><p class=\"p1\" style=\"text-align: center\">Pol\u00edgono Industrial La Isla<\/p><p class=\"p1\" style=\"text-align: center\">41703 &#8211; Dos Hermanas (Sevilla)<\/p><p class=\"p1\" style=\"text-align: center\">Tlfn. +34 954357050<\/p><p dir=\"ltr\">\u00a0<\/p><p dir=\"ltr\">El acceso al portal propiedad de GLOBAL COFFEE INDUSTRIES S.A. y a la informaci\u00f3n relativa a cualesquiera de los productos y servicios contenidos en el mismo, comporta la aceptaci\u00f3n de las condiciones previstas en el presente Aviso Legal. Por ello le recomendamos que lea atentamente su contenido si usted desea acceder y hacer uso de la informaci\u00f3n y los servicios ofrecidos desde este portal.<\/p><p dir=\"ltr\">De conformidad con lo dispuesto en el art\u00edculo 10 de la Ley 34\/2002, de 11 de julio, de Servicios de la Sociedad de la Informaci\u00f3n y Comercio Electr\u00f3nico (en adelante, \u201cLSSI\u201d), Informamos que:<\/p><p>\u00a0<\/p><h6 dir=\"ltr\">PROPIEDAD INTELECTUAL E INDUSTRIAL<\/h6><p dir=\"ltr\">El portal de GLOBAL COFFEE INDUSTRIES S.A. las p\u00e1ginas que comprende y la informaci\u00f3n o elementos contenidos en las mismas, incluyen textos, documentos, fotograf\u00edas, dibujos, representaciones gr\u00e1ficas, bases de datos, programas inform\u00e1ticos, as\u00ed como logotipos, marcas, nombres comerciales, u otros signos distintivos, protegidos por derechos de propiedad intelectual o industrial, de los que GLOBAL COFFEE INDUSTRIES S.A. o las empresas de su Grupo son titulares o leg\u00edtimas licenciatarias.<\/p><p dir=\"ltr\">GLOBAL COFFEE INDUSTRIES S.A. no otorga garant\u00eda alguna sobre la licitud y legalidad de la informaci\u00f3n o elementos contenidos en las p\u00e1ginas del portal, cuando la titularidad de los mismos no corresponda a GLOBAL COFFEE INDUSTRIES S.A. ni a las empresas de su Grupo.<\/p><p>\u00a0<\/p><h6 dir=\"ltr\">USOS PROHIBIDOS Y PERMITIDOS<\/h6><p dir=\"ltr\">El acceso a la p\u00e1gina web a trav\u00e9s de la direcci\u00f3n URL https:\/\/globalcoffeeindustries.com o .es tiene car\u00e1cter gratuito para los Usuarios y su visualizaci\u00f3n no requiere de previa suscripci\u00f3n o registro alguno. No obstante, la contrataci\u00f3n de determinados servicios o productos s\u00ed requiere el registro del Usuario en la web.<\/p><p dir=\"ltr\">En este sentido, ser\u00e1 responsabilidad del Usuario registrado el uso adecuado de la web y la custodia de los c\u00f3digos de acceso o claves identificativas, debiendo abstenerse de utilizarlos con fines o efectos il\u00edcitos o contrarios a la ley, la moral y las buenas costumbres.<\/p><p dir=\"ltr\">El Usuario registrado podr\u00e1 en todo momento darse de baja de forma autom\u00e1tica como Usuario del la web, sin que dicha decisi\u00f3n pueda tener car\u00e1cter retroactivo, a trav\u00e9s de la interfaz de Usuario, por tel\u00e9fono en el n\u00famero +34 954357050 o por correo electr\u00f3nico a la direcci\u00f3n info@globalcoffeeindustries.com.<\/p><p dir=\"ltr\">Las condiciones de acceso y uso de esta p\u00e1gina web est\u00e1n supeditadas a la legalidad vigente y a los principios de buena fe y uso l\u00edcito por parte del Usuario de la misma, quedando prohibido, con car\u00e1cter general, cualquier tipo de actuaci\u00f3n en perjuicio de GLOBAL COFFEE INDUSTRIES S.A. y contraria al presente Aviso Legal o a las Condiciones Generales que regulan la prestaci\u00f3n de los productos y servicios ofrecidos.<\/p><p dir=\"ltr\">El usuario se compromete a utilizar este servicio sin incurrir en actividades que puedan ser consideradas il\u00edcitas o ilegales, que infrinjan derechos de titularidad de GLOBAL COFFEE INDUSTRIES S.A. o de terceros; o que puedan da\u00f1ar, inutilizar, sobrecargar o deteriorar el Servicio o impedir la normal utilizaci\u00f3n del mismo por parte de otros usuarios.<\/p><p dir=\"ltr\">El usuario no podr\u00e1 descargar o realizar copia de los elementos que componen el sitio web con el fin de alterarlos, modificarlos, utilizarlos de manera il\u00edcita o suprimirlos ni total ni parcialmente. En ning\u00fan caso, ello significar\u00e1 una autorizaci\u00f3n o licencia sobre los derechos de propiedad de GLOBAL COFFEE INDUSTRIES S.A. o de las empresas de su Grupo.<\/p><p dir=\"ltr\">Queda prohibido, salvo en los casos en que expresamente lo autorice GLOBAL COFFEE INDUSTRIES S.A. , presentar las p\u00e1ginas Web propiedad de GLOBAL COFFEE INDUSTRIES S.A., o la informaci\u00f3n contenida en ellas bajo marcos, signos distintivos, marcas o denominaciones sociales o comerciales de otra persona, empresa o entidad.<\/p><p>\u00a0<\/p><h6 dir=\"ltr\">VALIDEZ DE LA INFORMACI\u00d3N<\/h6><p dir=\"ltr\">La informaci\u00f3n contenida en estas p\u00e1ginas es la vigente en la fecha de su \u00faltima actualizaci\u00f3n y las presentes condiciones son las vigentes desde la fecha de su \u00faltima actualizaci\u00f3n. GLOBAL COFFEE INDUSTRIES S.A. se reserva el derecho a modificarlas en cualquier momento, en cuyo caso entrar\u00e1n en vigor desde su publicaci\u00f3n y ser\u00e1n aplicables a todos los usuarios del portal desde esa fecha.<\/p><p dir=\"ltr\">Los contenidos del portal, en especial las referencias informativas y publicitarias, salvo que expresamente se indique lo contrario, no constituyen oferta vinculante. GLOBAL COFFEE INDUSTRIES S.A. se reserva el derecho a introducir modificaciones u omitir parcial o totalmente los actuales contenidos del portal cuando lo considere oportuno, as\u00ed como impedir o restringir el acceso de forma temporal o permanente.<\/p><p dir=\"ltr\">El precio de cualquiera de nuestros productos ser\u00e1 el que est\u00e1 presupuestado en nuestra website, excepto en caso de errores demostrables y\/u obvios.<\/p><p>\u00a0<\/p><h6 dir=\"ltr\">RESPONSABILIDADES<\/h6><p dir=\"ltr\">GLOBAL COFFEE INDUSTRIES S.A. no garantiza el acceso continuado, ni la correcta visualizaci\u00f3n, utilidad o cambio de los elementos e informaci\u00f3n contenidos en las p\u00e1ginas del portal, que pueden verse impedidos, dificultados o interrumpidos por factores o circunstancias fuera de su control.<\/p><p dir=\"ltr\">GLOBAL COFFEE INDUSTRIES S.A. , no es responsable de la informaci\u00f3n y dem\u00e1s contenidos integrados en espacios o p\u00e1ginas Web de terceros accesibles desde el portal mediante enlaces, hiperv\u00ednculos o links, ni de la informaci\u00f3n y dem\u00e1s contenidos integrados en espacios o p\u00e1ginas Web de terceros desde los que se acceda mediante enlaces, hiperv\u00ednculos o links al portal GLOBAL COFFEE INDUSTRIES S.A. , o a cualquiera de sus p\u00e1ginas Web, ni de la informaci\u00f3n y contenidos de cualquier p\u00e1gina Web de terceros que se presente bajo la apariencia o signos distintivos de GLOBAL COFFEE INDUSTRIES S.A. , salvo autorizaci\u00f3n expresa de esta \u00faltima.<\/p><p dir=\"ltr\">GLOBAL COFFEE INDUSTRIES S.A. y sus proveedores de informaci\u00f3n, como terceras partes, no asumen responsabilidad alguna con relaci\u00f3n a la informaci\u00f3n, contenidos de todo tipo, productos y servicios ofertados o prestados a trav\u00e9s del portal GLOBAL COFFEE INDUSTRIES S.A. por terceras personas o entidades, aunque pertenezcan a su mismo Grupo econ\u00f3mico, y, en especial, por los da\u00f1os y perjuicios de cualquier tipo que, vinculados a lo anterior, puedan producirse por:<\/p><p>\u00a0<\/p><p dir=\"ltr\">&#8211; Ausencia o deficiencias en la informaci\u00f3n facilitada a los usuarios o en su veracidad, exactitud y suficiencia.<\/p><p dir=\"ltr\">&#8211; Incumplimiento o cumplimiento defectuoso o impuntual de los contratos o relaciones pre-contractuales.<\/p><p dir=\"ltr\">&#8211; Incumplimiento de las obligaciones que incumben a los prestadores de servicios de la sociedad de la informaci\u00f3n.<\/p><p dir=\"ltr\">&#8211; Infracci\u00f3n de los derechos de los consumidores y usuarios.<\/p><p dir=\"ltr\">&#8211; Infracci\u00f3n de los derechos de propiedad intelectual e industrial; realizaci\u00f3n de actos de competencia desleal o de publicidad il\u00edcita.<\/p><p dir=\"ltr\">&#8211; Infracci\u00f3n del derecho de protecci\u00f3n de datos; del secreto profesional y de los derechos al honor, a la intimidad personal y familiar y a la imagen de las personas.<\/p><p dir=\"ltr\">&#8211; En general, el incumplimiento de cualesquiera leyes, costumbres o c\u00f3digos de conducta que resulten de aplicaci\u00f3n.<\/p><p dir=\"ltr\">&#8211; Cualquier decisi\u00f3n tomada en dependencia de la informaci\u00f3n suministrada a trav\u00e9s del portal de GLOBAL COFFEE INDUSTRIES S.A.<\/p><p>\u00a0<\/p><p dir=\"ltr\">Ni GLOBAL COFFEE INDUSTRIES S.A. ni los proveedores de informaci\u00f3n como terceras partes asumen responsabilidad alguna por da\u00f1os, perjuicios, p\u00e9rdidas, reclamaciones o gastos, producidos por:<\/p><p>\u00a0<\/p><p dir=\"ltr\">&#8211; Interferencias, interrupciones, fallos, omisiones, aver\u00edas telef\u00f3nicas, retrasos, bloqueos o desconexiones en el funcionamiento del sistema electr\u00f3nico, motivadas por deficiencias, sobrecargas y errores en las l\u00edneas y redes de telecomunicaciones, o por cualquier otra causa ajena al control GLOBAL COFFEE INDUSTRIES S.A.<\/p><p dir=\"ltr\">&#8211; Intromisiones ileg\u00edtimas mediante el uso de programas malignos de cualquier tipo y a trav\u00e9s de cualquier medio de comunicaci\u00f3n, tales como virus inform\u00e1ticos o cualesquiera otros.<\/p><p dir=\"ltr\">&#8211; Uso indebido o inadecuado de las p\u00e1ginas Web propiedad de GLOBAL COFFEE INDUSTRIES S.A.<\/p><p dir=\"ltr\">&#8211; Errores de seguridad o navegaci\u00f3n producidos por un mal funcionamiento del navegador o por el uso de versiones no actualizadas del mismo.<\/p><p>\u00a0<\/p><h6 dir=\"ltr\">PRIVACIDAD Y TRATAMIENTO DE DATOS<\/h6><p dir=\"ltr\">Cuando para el acceso a determinados contenidos o servicios sea necesario facilitar datos de car\u00e1cter personal, los Usuarios garantizar\u00e1n su veracidad, exactitud, autenticidad y vigencia. La empresa dar\u00e1 a dichos datos el tratamiento automatizado que corresponda en funci\u00f3n de su naturaleza o finalidad, en los t\u00e9rminos indicados en el apartado de Pol\u00edtica de Privacidad.<\/p><p>\u00a0<\/p><h6 dir=\"ltr\">COOKIES<\/h6><p dir=\"ltr\">GLOBAL COFFEE INDUSTRIES S.A. se reserva el derecho de utilizar la tecnolog\u00eda \u201ccookie\u201d en el sitio web, a fin de reconocer Usuarios frecuentes y personalizar los usos que se realicen del portal mediante la preselecci\u00f3n de idioma, moneda o contenidos espec\u00edficos.<\/p><p dir=\"ltr\">Las cookies recopilan la direcci\u00f3n IP del usuario, siendo Google el responsable del tratamiento de esta informaci\u00f3n.<\/p><p dir=\"ltr\">Las cookies son ficheros enviados a un navegador, por medio de un servidor Web, para registrar la navegaci\u00f3n del Usuario en el Espacio Web, cuando el Usuario permita su recepci\u00f3n. Si el Usuario lo desea, podr\u00e1 configurar su navegador para ser avisado en pantalla de la recepci\u00f3n de cookies y para impedir la instalaci\u00f3n de cookies en su disco duro. El usuario podr\u00e1 consultar las instrucciones y manuales de su navegador para ampliar dicha informaci\u00f3n.<\/p>\t\t\t\t\t\t\t\t<\/div>\n\t\t\t\t<\/div>\n\t\t\t\t\t<\/div>\n\t\t<\/div>\n\t\t\t\t\t<\/div>\n\t\t<\/section>\n\t\t\t\t<\/div>","protected":false},"excerpt":{"rendered":"<p>Aviso Legal GLOBAL COFFEE INDUSTRIES S.A. C.I.F. A90352329 C\/ Acueducto, 30 Pol\u00edgono Industrial La Isla 41703 &#8211; Dos Hermanas (Sevilla) Tlfn. +34 954357050 \u00a0 El acceso al portal propiedad de GLOBAL COFFEE INDUSTRIES S.A. y a la informaci\u00f3n relativa a cualesquiera de los productos y servicios contenidos en el mismo, comporta la aceptaci\u00f3n de las&#8230;<\/p>","protected":false},"author":2,"featured_media":0,"parent":0,"menu_order":0,"comment_status":"closed","ping_status":"closed","template":"","meta":{"footnotes":""},"class_list":["post-10598","page","type-page","status-publish","hentry"],"yoast_head":"<!-- This site is optimized with the Yoast SEO plugin v27.3 - https:\/\/yoast.com\/product\/yoast-seo-wordpress\/ -->\n<title>Legal Notice | Global Coffee Industries<\/title>\n<meta name=\"robots\" content=\"index, follow, max-snippet:-1, max-image-preview:large, max-video-preview:-1\" \/>\n<link rel=\"canonical\" href=\"https:\/\/globalcoffeeindustries.com\/es\/legal-notice\/\" \/>\n<meta property=\"og:locale\" content=\"es_ES\" \/>\n<meta property=\"og:type\" content=\"article\" \/>\n<meta property=\"og:title\" content=\"Legal Notice | Global Coffee Industries\" \/>\n<meta property=\"og:description\" content=\"Aviso Legal GLOBAL COFFEE INDUSTRIES S.A. C.I.F. A90352329 C\/ Acueducto, 30 Pol\u00edgono Industrial La Isla 41703 &#8211; Dos Hermanas (Sevilla) Tlfn. +34 954357050 \u00a0 El acceso al portal propiedad de GLOBAL COFFEE INDUSTRIES S.A. y a la informaci\u00f3n relativa a cualesquiera de los productos y servicios contenidos en el mismo, comporta la aceptaci\u00f3n de las...\" \/>\n<meta property=\"og:url\" content=\"https:\/\/globalcoffeeindustries.com\/es\/legal-notice\/\" \/>\n<meta property=\"og:site_name\" content=\"Global Coffee Industries\" \/>\n<meta property=\"article:modified_time\" content=\"2022-12-15T13:17:09+00:00\" \/>\n<meta property=\"og:image\" content=\"https:\/\/globalcoffeeindustries.com\/wp-content\/uploads\/2022\/07\/Global-Catunambu-Industria.jpg\" \/>\n\t<meta property=\"og:image:width\" content=\"2100\" \/>\n\t<meta property=\"og:image:height\" content=\"1486\" \/>\n\t<meta property=\"og:image:type\" content=\"image\/jpeg\" \/>\n<meta name=\"twitter:card\" content=\"summary_large_image\" \/>\n<meta name=\"twitter:label1\" content=\"Tiempo de lectura\" \/>\n\t<meta name=\"twitter:data1\" content=\"8 minutos\" \/>\n<script type=\"application\/ld+json\" class=\"yoast-schema-graph\">{\"@context\":\"https:\\\/\\\/schema.org\",\"@graph\":[{\"@type\":\"WebPage\",\"@id\":\"https:\\\/\\\/globalcoffeeindustries.com\\\/legal-notice\\\/\",\"url\":\"https:\\\/\\\/globalcoffeeindustries.com\\\/legal-notice\\\/\",\"name\":\"Legal Notice | Global Coffee Industries\",\"isPartOf\":{\"@id\":\"https:\\\/\\\/globalcoffeeindustries.com\\\/#website\"},\"datePublished\":\"2022-12-15T13:04:03+00:00\",\"dateModified\":\"2022-12-15T13:17:09+00:00\",\"breadcrumb\":{\"@id\":\"https:\\\/\\\/globalcoffeeindustries.com\\\/legal-notice\\\/#breadcrumb\"},\"inLanguage\":\"es\",\"potentialAction\":[{\"@type\":\"ReadAction\",\"target\":[\"https:\\\/\\\/globalcoffeeindustries.com\\\/legal-notice\\\/\"]}]},{\"@type\":\"BreadcrumbList\",\"@id\":\"https:\\\/\\\/globalcoffeeindustries.com\\\/legal-notice\\\/#breadcrumb\",\"itemListElement\":[{\"@type\":\"ListItem\",\"position\":1,\"name\":\"Home\",\"item\":\"https:\\\/\\\/globalcoffeeindustries.com\\\/\"},{\"@type\":\"ListItem\",\"position\":2,\"name\":\"Legal Notice\"}]},{\"@type\":\"WebSite\",\"@id\":\"https:\\\/\\\/globalcoffeeindustries.com\\\/#website\",\"url\":\"https:\\\/\\\/globalcoffeeindustries.com\\\/\",\"name\":\"Global Coffee Industries\",\"description\":\"More than 125 years of passion, experience and industrial excellence in coffee roasting.\",\"publisher\":{\"@id\":\"https:\\\/\\\/globalcoffeeindustries.com\\\/#organization\"},\"potentialAction\":[{\"@type\":\"SearchAction\",\"target\":{\"@type\":\"EntryPoint\",\"urlTemplate\":\"https:\\\/\\\/globalcoffeeindustries.com\\\/?s={search_term_string}\"},\"query-input\":{\"@type\":\"PropertyValueSpecification\",\"valueRequired\":true,\"valueName\":\"search_term_string\"}}],\"inLanguage\":\"es\"},{\"@type\":\"Organization\",\"@id\":\"https:\\\/\\\/globalcoffeeindustries.com\\\/#organization\",\"name\":\"Global Coffee Industries\",\"url\":\"https:\\\/\\\/globalcoffeeindustries.com\\\/\",\"logo\":{\"@type\":\"ImageObject\",\"inLanguage\":\"es\",\"@id\":\"https:\\\/\\\/globalcoffeeindustries.com\\\/#\\\/schema\\\/logo\\\/image\\\/\",\"url\":\"https:\\\/\\\/globalcoffeeindustries.com\\\/wp-content\\\/uploads\\\/2022\\\/06\\\/cropped-LOGO-GLOBAL-COFFEE-5.jpg\",\"contentUrl\":\"https:\\\/\\\/globalcoffeeindustries.com\\\/wp-content\\\/uploads\\\/2022\\\/06\\\/cropped-LOGO-GLOBAL-COFFEE-5.jpg\",\"width\":249,\"height\":280,\"caption\":\"Global Coffee Industries\"},\"image\":{\"@id\":\"https:\\\/\\\/globalcoffeeindustries.com\\\/#\\\/schema\\\/logo\\\/image\\\/\"},\"sameAs\":[\"https:\\\/\\\/es.linkedin.com\\\/company\\\/global-coffee-industries\"]}]}<\/script>\n<!-- \/ Yoast SEO plugin. -->","yoast_head_json":{"title":"Legal Notice | Global Coffee Industries","robots":{"index":"index","follow":"follow","max-snippet":"max-snippet:-1","max-image-preview":"max-image-preview:large","max-video-preview":"max-video-preview:-1"},"canonical":"https:\/\/globalcoffeeindustries.com\/es\/legal-notice\/","og_locale":"es_ES","og_type":"article","og_title":"Legal Notice | Global Coffee Industries","og_description":"Aviso Legal GLOBAL COFFEE INDUSTRIES S.A. C.I.F. A90352329 C\/ Acueducto, 30 Pol\u00edgono Industrial La Isla 41703 &#8211; Dos Hermanas (Sevilla) Tlfn. +34 954357050 \u00a0 El acceso al portal propiedad de GLOBAL COFFEE INDUSTRIES S.A. y a la informaci\u00f3n relativa a cualesquiera de los productos y servicios contenidos en el mismo, comporta la aceptaci\u00f3n de las...","og_url":"https:\/\/globalcoffeeindustries.com\/es\/legal-notice\/","og_site_name":"Global Coffee Industries","article_modified_time":"2022-12-15T13:17:09+00:00","og_image":[{"width":2100,"height":1486,"url":"https:\/\/globalcoffeeindustries.com\/wp-content\/uploads\/2022\/07\/Global-Catunambu-Industria.jpg","type":"image\/jpeg"}],"twitter_card":"summary_large_image","twitter_misc":{"Tiempo de lectura":"8 minutos"},"schema":{"@context":"https:\/\/schema.org","@graph":[{"@type":"WebPage","@id":"https:\/\/globalcoffeeindustries.com\/legal-notice\/","url":"https:\/\/globalcoffeeindustries.com\/legal-notice\/","name":"Legal Notice | Global Coffee Industries","isPartOf":{"@id":"https:\/\/globalcoffeeindustries.com\/#website"},"datePublished":"2022-12-15T13:04:03+00:00","dateModified":"2022-12-15T13:17:09+00:00","breadcrumb":{"@id":"https:\/\/globalcoffeeindustries.com\/legal-notice\/#breadcrumb"},"inLanguage":"es","potentialAction":[{"@type":"ReadAction","target":["https:\/\/globalcoffeeindustries.com\/legal-notice\/"]}]},{"@type":"BreadcrumbList","@id":"https:\/\/globalcoffeeindustries.com\/legal-notice\/#breadcrumb","itemListElement":[{"@type":"ListItem","position":1,"name":"Home","item":"https:\/\/globalcoffeeindustries.com\/"},{"@type":"ListItem","position":2,"name":"Legal Notice"}]},{"@type":"WebSite","@id":"https:\/\/globalcoffeeindustries.com\/#website","url":"https:\/\/globalcoffeeindustries.com\/","name":"Global Coffee Industries","description":"More than 125 years of passion, experience and industrial excellence in coffee roasting.","publisher":{"@id":"https:\/\/globalcoffeeindustries.com\/#organization"},"potentialAction":[{"@type":"SearchAction","target":{"@type":"EntryPoint","urlTemplate":"https:\/\/globalcoffeeindustries.com\/?s={search_term_string}"},"query-input":{"@type":"PropertyValueSpecification","valueRequired":true,"valueName":"search_term_string"}}],"inLanguage":"es"},{"@type":"Organization","@id":"https:\/\/globalcoffeeindustries.com\/#organization","name":"Global Coffee Industries","url":"https:\/\/globalcoffeeindustries.com\/","logo":{"@type":"ImageObject","inLanguage":"es","@id":"https:\/\/globalcoffeeindustries.com\/#\/schema\/logo\/image\/","url":"https:\/\/globalcoffeeindustries.com\/wp-content\/uploads\/2022\/06\/cropped-LOGO-GLOBAL-COFFEE-5.jpg","contentUrl":"https:\/\/globalcoffeeindustries.com\/wp-content\/uploads\/2022\/06\/cropped-LOGO-GLOBAL-COFFEE-5.jpg","width":249,"height":280,"caption":"Global Coffee Industries"},"image":{"@id":"https:\/\/globalcoffeeindustries.com\/#\/schema\/logo\/image\/"},"sameAs":["https:\/\/es.linkedin.com\/company\/global-coffee-industries"]}]}},"_links":{"self":[{"href":"https:\/\/globalcoffeeindustries.com\/es\/wp-json\/wp\/v2\/pages\/10598","targetHints":{"allow":["GET"]}}],"collection":[{"href":"https:\/\/globalcoffeeindustries.com\/es\/wp-json\/wp\/v2\/pages"}],"about":[{"href":"https:\/\/globalcoffeeindustries.com\/es\/wp-json\/wp\/v2\/types\/page"}],"author":[{"embeddable":true,"href":"https:\/\/globalcoffeeindustries.com\/es\/wp-json\/wp\/v2\/users\/2"}],"replies":[{"embeddable":true,"href":"https:\/\/globalcoffeeindustries.com\/es\/wp-json\/wp\/v2\/comments?post=10598"}],"version-history":[{"count":7,"href":"https:\/\/globalcoffeeindustries.com\/es\/wp-json\/wp\/v2\/pages\/10598\/revisions"}],"predecessor-version":[{"id":10606,"href":"https:\/\/globalcoffeeindustries.com\/es\/wp-json\/wp\/v2\/pages\/10598\/revisions\/10606"}],"wp:attachment":[{"href":"https:\/\/globalcoffeeindustries.com\/es\/wp-json\/wp\/v2\/media?parent=10598"}],"curies":[{"name":"wp","href":"https:\/\/api.w.org\/{rel}","templated":true}]}}