{"id":11353,"date":"2025-03-26T13:17:24","date_gmt":"2025-03-26T13:17:24","guid":{"rendered":"https:\/\/globalcoffeeindustries.com\/?page_id=11353"},"modified":"2025-06-24T09:49:32","modified_gmt":"2025-06-24T09:49:32","slug":"canal-denuncias","status":"publish","type":"page","link":"https:\/\/globalcoffeeindustries.com\/es\/canal-denuncias\/","title":{"rendered":"Canal de Denuncias"},"content":{"rendered":"<div data-elementor-type=\"wp-page\" data-elementor-id=\"11353\" class=\"elementor elementor-11353\" data-elementor-post-type=\"page\">\n\t\t\t\t\t\t<section class=\"elementor-section elementor-top-section elementor-element elementor-element-4fb078f elementor-section-boxed elementor-section-height-default elementor-section-height-default\" data-id=\"4fb078f\" data-element_type=\"section\">\n\t\t\t\t\t\t<div class=\"elementor-container elementor-column-gap-default\">\n\t\t\t\t\t<div class=\"elementor-column elementor-col-100 elementor-top-column elementor-element elementor-element-22cddfd\" data-id=\"22cddfd\" data-element_type=\"column\">\n\t\t\t<div class=\"elementor-widget-wrap elementor-element-populated\">\n\t\t\t\t\t\t<div class=\"elementor-element elementor-element-28651c2 elementor-widget elementor-widget-heading\" data-id=\"28651c2\" data-element_type=\"widget\" data-widget_type=\"heading.default\">\n\t\t\t\t<div class=\"elementor-widget-container\">\n\t\t\t\t\t<h2 class=\"elementor-heading-title elementor-size-default\">Canal de Denuncias<\/h2>\t\t\t\t<\/div>\n\t\t\t\t<\/div>\n\t\t\t\t<div class=\"elementor-element elementor-element-c03f288 elementor-align-center elementor-hidden-desktop elementor-hidden-tablet elementor-icon-list--layout-traditional elementor-list-item-link-full_width elementor-widget elementor-widget-icon-list\" data-id=\"c03f288\" data-element_type=\"widget\" data-no-translation=\"\" data-widget_type=\"icon-list.default\">\n\t\t\t\t<div class=\"elementor-widget-container\">\n\t\t\t\t\t<style>.elementor-element-c03f288{display:none !important}<\/style>\t\t\t\t<\/div>\n\t\t\t\t<\/div>\n\t\t\t\t<div class=\"elementor-element elementor-element-83aab1e elementor-widget elementor-widget-heading\" data-id=\"83aab1e\" data-element_type=\"widget\" data-widget_type=\"heading.default\">\n\t\t\t\t<div class=\"elementor-widget-container\">\n\t\t\t\t\t<h5 class=\"elementor-heading-title elementor-size-default\">\u00bfQu\u00e9 es el canal de denuncias?<\/h5>\t\t\t\t<\/div>\n\t\t\t\t<\/div>\n\t\t\t\t<div class=\"elementor-element elementor-element-fa8a50e elementor-widget elementor-widget-text-editor\" data-id=\"fa8a50e\" data-element_type=\"widget\" data-widget_type=\"text-editor.default\">\n\t\t\t\t<div class=\"elementor-widget-container\">\n\t\t\t\t\t\t\t\t\t<p>El prop\u00f3sito de este portal es\u00a0<strong>reportar confidencialmente<\/strong> sobre conductas presuntamente il\u00edcitas o violatorias del C\u00f3digo de Conducta, as\u00ed como denunciar cualquier irregularidad, tanto interna como externa, que vaya en contra de los intereses de la empresa y sus grupos de inter\u00e9s.<\/p><p>El Canal de Denuncias cumple con lo dispuesto en la legislaci\u00f3n sobre protecci\u00f3n de datos de car\u00e1cter personal y la informaci\u00f3n recogida por este portal es estrictamente confidencial.<\/p>\t\t\t\t\t\t\t\t<\/div>\n\t\t\t\t<\/div>\n\t\t\t\t<div class=\"elementor-element elementor-element-5f6e49b elementor-align-center elementor-widget elementor-widget-button\" data-id=\"5f6e49b\" data-element_type=\"widget\" data-widget_type=\"button.default\">\n\t\t\t\t<div class=\"elementor-widget-container\">\n\t\t\t\t\t\t\t\t\t<div class=\"elementor-button-wrapper\">\n\t\t\t\t\t<a class=\"elementor-button elementor-button-link elementor-size-sm\" href=\"https:\/\/globalcoffeeindustries.com\/wp-content\/uploads\/2025\/03\/CANAL-DENUNCIAS-Esp.pdf\" target=\"_blank\" rel=\"nofollow\">\n\t\t\t\t\t\t<span class=\"elementor-button-content-wrapper\">\n\t\t\t\t\t\t<span class=\"elementor-button-icon\">\n\t\t\t\t<i aria-hidden=\"true\" class=\"fas fa-info-circle\"><\/i>\t\t\t<\/span>\n\t\t\t\t\t\t\t\t\t<span class=\"elementor-button-text\">Encuentra m\u00e1s informaci\u00f3n sobre el Canal de Denuncias aqu\u00ed<\/span>\n\t\t\t\t\t<\/span>\n\t\t\t\t\t<\/a>\n\t\t\t\t<\/div>\n\t\t\t\t\t\t\t\t<\/div>\n\t\t\t\t<\/div>\n\t\t\t\t\t<\/div>\n\t\t<\/div>\n\t\t\t\t\t<\/div>\n\t\t<\/section>\n\t\t\t\t<section class=\"elementor-section elementor-top-section elementor-element elementor-element-843228f elementor-section-boxed elementor-section-height-default elementor-section-height-default\" data-id=\"843228f\" data-element_type=\"section\">\n\t\t\t\t\t\t<div class=\"elementor-container elementor-column-gap-default\">\n\t\t\t\t\t<div class=\"elementor-column elementor-col-100 elementor-top-column elementor-element elementor-element-df6c3a1\" data-id=\"df6c3a1\" data-element_type=\"column\" data-settings=\"{&quot;background_background&quot;:&quot;classic&quot;}\">\n\t\t\t<div class=\"elementor-widget-wrap elementor-element-populated\">\n\t\t\t\t\t\t<div class=\"elementor-element elementor-element-b7bf109 elementor-widget__width-initial elementor-widget elementor-widget-shortcode\" data-id=\"b7bf109\" data-element_type=\"widget\" data-widget_type=\"shortcode.default\">\n\t\t\t\t<div class=\"elementor-widget-container\">\n\t\t\t\t\t\t\t<div class=\"elementor-shortcode\"><div class=\"forminator-ui forminator-custom-form forminator-custom-form-11356 forminator-design--material  forminator_ajax\" data-forminator-render=\"0\" data-form=\"forminator-module-11356\" data-uid=\"69d626c97ca63\"><br\/><\/div><form\n\t\t\t\tid=\"forminator-module-11356\"\n\t\t\t\tclass=\"forminator-ui forminator-custom-form forminator-custom-form-11356 forminator-design--material  forminator_ajax\"\n\t\t\t\tmethod=\"post\"\n\t\t\t\tdata-forminator-render=\"0\"\n\t\t\t\tdata-form-id=\"11356\"\n\t\t\t\t\n\t\t\t\tdata-design=\"material\"\n\t\t\t\t\n\t\t\t\t\n\t\t\t\t\n\t\t\t\tdata-grid=\"open\"\n\t\t\t\t\n\t\t\t\t\n\t\t\t\tstyle=\"display: none;\"\n\t\t\t\t\n\t\t\t\tdata-uid=\"69d626c97ca63\" action=\"\"\n\t\t\t><div role=\"alert\" aria-live=\"polite\" class=\"forminator-response-message forminator-error\" aria-hidden=\"true\"><\/div><div class=\"forminator-row\"><div id=\"radio-1\" class=\"forminator-field-radio forminator-col forminator-col-12\"><div role=\"radiogroup\" class=\"forminator-field\" aria-labelledby=\"forminator-radiogroup-69d626c97ca63-label\"><span id=\"forminator-radiogroup-69d626c97ca63-label\" class=\"forminator-label\">Me gustar\u00eda hacer la denuncia como: <span class=\"forminator-required\">*<\/span><\/span><label id=\"forminator-field-radio-1-label-1\" for=\"forminator-field-radio-1-1-69d626c97ca63\" class=\"forminator-radio\" title=\"Persona an\u00f3nima\"><input type=\"radio\" name=\"radio-1\" value=\"anonimo\" id=\"forminator-field-radio-1-1-69d626c97ca63\" aria-labelledby=\"forminator-field-radio-1-label-1\" data-calculation=\"0\"   data-hidden-behavior=\"zero\"\/><span class=\"forminator-radio-bullet\" aria-hidden=\"true\"><\/span><span class=\"forminator-radio-label\">Persona an\u00f3nima<\/span><\/label><label id=\"forminator-field-radio-1-label-2\" for=\"forminator-field-radio-1-2-69d626c97ca63\" class=\"forminator-radio\" title=\"Persona identificada\"><input type=\"radio\" name=\"radio-1\" value=\"identificado\" id=\"forminator-field-radio-1-2-69d626c97ca63\" aria-labelledby=\"forminator-field-radio-1-label-2\" data-calculation=\"0\"   data-hidden-behavior=\"zero\"\/><span class=\"forminator-radio-bullet\" aria-hidden=\"true\"><\/span><span class=\"forminator-radio-label\">Persona identificada<\/span><\/label><\/div><\/div><\/div><div class=\"forminator-row\"><div id=\"name-1\" class=\"forminator-field-name forminator-col forminator-col-6\"><div class=\"forminator-field\"><label for=\"forminator-field-name-1_69d626c97ca63\" id=\"forminator-field-name-1_69d626c97ca63-label\" class=\"forminator-label\">Nombre <span class=\"forminator-required\">*<\/span><\/label><input type=\"text\" name=\"name-1\" value=\"\" placeholder=\"Ejemplo: Juan\" id=\"forminator-field-name-1_69d626c97ca63\" class=\"forminator-input forminator-name--field\" aria-required=\"true\" \/><\/div><\/div><div id=\"name-2\" class=\"forminator-field-name forminator-col forminator-col-6\"><div class=\"forminator-field\"><label for=\"forminator-field-name-2_69d626c97ca63\" id=\"forminator-field-name-2_69d626c97ca63-label\" class=\"forminator-label\">Apellidos <span class=\"forminator-required\">*<\/span><\/label><input type=\"text\" name=\"name-2\" value=\"\" placeholder=\"Ejemplo: P\u00e9rez\" id=\"forminator-field-name-2_69d626c97ca63\" class=\"forminator-input forminator-name--field\" aria-required=\"true\" \/><\/div><\/div><\/div><div class=\"forminator-row\"><div id=\"email-1\" class=\"forminator-field-email forminator-col forminator-col-12\"><div class=\"forminator-field\"><label for=\"forminator-field-email-1_69d626c97ca63\" id=\"forminator-field-email-1_69d626c97ca63-label\" class=\"forminator-label\">Email de contacto <span class=\"forminator-required\">*<\/span><\/label><input type=\"email\" name=\"email-1\" value=\"\" placeholder=\"Ejemplo: john@globalcoffeeindustries.com\" id=\"forminator-field-email-1_69d626c97ca63\" class=\"forminator-input forminator-email--field\" data-required=\"1\" aria-required=\"true\" aria-describedby=\"forminator-field-email-1_69d626c97ca63-description\" \/><span id=\"forminator-field-email-1_69d626c97ca63-description\" class=\"forminator-description\">Corporativo o no. Necesario para referencia interna, acuse de recibo y comunicaci\u00f3n.<\/span><\/div><\/div><\/div><div class=\"forminator-row\"><div id=\"text-1\" class=\"forminator-field-text forminator-col forminator-col-12\"><div class=\"forminator-field\"><label for=\"forminator-field-text-1_69d626c97ca63\" id=\"forminator-field-text-1_69d626c97ca63-label\" class=\"forminator-label\">Breve descripci\u00f3n de los hechos o argumentos que sustentan el reporte <span class=\"forminator-required\">*<\/span><\/label><input type=\"text\" name=\"text-1\" value=\"\" placeholder=\"Ejemplo: Fui testigo de pr\u00e1cticas contables irregulares en el Departamento de Finanzas en varias ocasiones durante el primer trimestre.\" id=\"forminator-field-text-1_69d626c97ca63\" class=\"forminator-input forminator-name--field\" data-required=\"1\" \/><\/div><\/div><\/div><div class=\"forminator-row\"><div id=\"text-2\" class=\"forminator-field-text forminator-col forminator-col-12\"><div class=\"forminator-field\"><label for=\"forminator-field-text-2_69d626c97ca63\" id=\"forminator-field-text-2_69d626c97ca63-label\" class=\"forminator-label\">Lugar donde ocurri\u00f3 el incidente <span class=\"forminator-required\">*<\/span><\/label><input type=\"text\" name=\"text-2\" value=\"\" placeholder=\"Ejemplo: Oficina principal, sede de Sevilla\" id=\"forminator-field-text-2_69d626c97ca63\" class=\"forminator-input forminator-name--field\" data-required=\"1\" \/><\/div><\/div><\/div><div class=\"forminator-row\"><div id=\"text-3\" class=\"forminator-field-text forminator-col forminator-col-12\"><div class=\"forminator-field\"><label for=\"forminator-field-text-3_69d626c97ca63\" id=\"forminator-field-text-3_69d626c97ca63-label\" class=\"forminator-label\">Persona o departamento contra el que va dirigido la denuncia <span class=\"forminator-required\">*<\/span><\/label><input type=\"text\" name=\"text-3\" value=\"\" placeholder=\"Ejemplo: Pedro P\u00e9rez (Departamento IT)\" id=\"forminator-field-text-3_69d626c97ca63\" class=\"forminator-input forminator-name--field\" data-required=\"1\" aria-describedby=\"forminator-field-text-3_69d626c97ca63-description\" \/><span id=\"forminator-field-text-3_69d626c97ca63-description\" class=\"forminator-description\">Sujeto principal de la denuncia<\/span><\/div><\/div><\/div><div class=\"forminator-row\"><div id=\"text-4\" class=\"forminator-field-text forminator-col forminator-col-12\"><div class=\"forminator-field\"><label for=\"forminator-field-text-4_69d626c97ca63\" id=\"forminator-field-text-4_69d626c97ca63-label\" class=\"forminator-label\">Nombres de las personas involucradas o conscientes del incidente <span class=\"forminator-required\">*<\/span><\/label><input type=\"text\" name=\"text-4\" value=\"\" placeholder=\"Ejemplo: Maria L\u00f3pez, Roberto S\u00e1nchez\" id=\"forminator-field-text-4_69d626c97ca63\" class=\"forminator-input forminator-name--field\" data-required=\"1\" \/><\/div><\/div><\/div><div class=\"forminator-row\"><div id=\"text-5\" class=\"forminator-field-text forminator-col forminator-col-12\"><div class=\"forminator-field\"><label for=\"forminator-field-text-5_69d626c97ca63\" id=\"forminator-field-text-5_69d626c97ca63-label\" class=\"forminator-label\">Fecha o per\u00edodo en el que ocurrieron o han estado ocurriendo los hechos <span class=\"forminator-required\">*<\/span><\/label><input type=\"text\" name=\"text-5\" value=\"\" placeholder=\"Ejemplo: De enero a marzo de 2025\" id=\"forminator-field-text-5_69d626c97ca63\" class=\"forminator-input forminator-name--field\" data-required=\"1\" \/><\/div><\/div><\/div><div class=\"forminator-row forminator-hidden\"><input type=\"hidden\" id=\"hidden-1_69d626c97ca63\" name=\"hidden-1\" value=\"submission_id\" \/><\/div><div class=\"forminator-row\"><div id=\"captcha-1\" class=\"forminator-field-captcha forminator-col forminator-col-12\"><div class=\"forminator-captcha-left forminator-g-recaptcha\" data-theme=\"light\"  data-sitekey=\"6Lcg2FAqAAAAABEwj1og-G4GwFBqzIzXL6Ey7lEC\" data-size=\"normal\"><\/div> <\/div><\/div><input type=\"hidden\" name=\"referer_url\" value=\"\" \/><div class=\"forminator-row forminator-row-last\"><div class=\"forminator-col\"><div class=\"forminator-field\"><button class=\"forminator-button forminator-button-submit\"><span>Enviar<\/span><span aria-hidden=\"true\"><\/span><\/button><\/div><\/div><\/div><input type=\"hidden\" id=\"forminator_nonce\" name=\"forminator_nonce\" value=\"36de0f6ad7\" \/><input type=\"hidden\" name=\"_wp_http_referer\" value=\"\/es\/wp-json\/wp\/v2\/pages\/11353\" \/><input type=\"hidden\" name=\"form_id\" value=\"11356\"><input type=\"hidden\" name=\"page_id\" value=\"11353\"><input type=\"hidden\" name=\"form_type\" value=\"default\"><input type=\"hidden\" name=\"current_url\" value=\"https:\/\/globalcoffeeindustries.com\/es\/canal-denuncias\/\"><input type=\"hidden\" name=\"render_id\" value=\"0\"><input type=\"hidden\" name=\"action\" value=\"forminator_submit_form_custom-forms\"><input type=\"hidden\" name=\"trp-form-language\" value=\"es\"\/><\/form><\/div>\n\t\t\t\t\t\t<\/div>\n\t\t\t\t<\/div>\n\t\t\t\t<div class=\"elementor-element elementor-element-d9a7cd6 elementor-widget elementor-widget-text-editor\" data-id=\"d9a7cd6\" data-element_type=\"widget\" data-widget_type=\"text-editor.default\">\n\t\t\t\t<div class=\"elementor-widget-container\">\n\t\t\t\t\t\t\t\t\t<h6 data-start=\"250\" data-end=\"701\">\ud83d\udd12 <strong data-start=\"202\" data-end=\"243\">Aviso de Confidencialidad y Tratamiento de Datos<\/strong><\/h6><p class=\"\" data-start=\"250\" data-end=\"701\">Toda la informaci\u00f3n enviada a trav\u00e9s de este formulario ser\u00e1 tratada con <strong data-start=\"315\" data-end=\"341\">estricta confidencialidad<\/strong>, de conformidad con la legislaci\u00f3n aplicable en materia de protecci\u00f3n de datos (Reglamento UE 2016\/679, Ley Org\u00e1nica 3\/2018 y Ley 2\/2023). Tu identidad y los detalles del caso <strong data-start=\"508\" data-end=\"544\">no ser\u00e1n compartidos con terceros<\/strong>, <strong data-start=\"546\" data-end=\"573\">no se har\u00e1n p\u00fablicos<\/strong>, y <strong data-start=\"579\" data-end=\"627\">no ser\u00e1n comunicados a la persona denunciada<\/strong>, salvo autorizaci\u00f3n expresa por tu parte o requerimiento por parte de una autoridad competente.<\/p><p class=\"\" data-start=\"703\" data-end=\"856\">Las denuncias pueden presentarse <strong data-start=\"728\" data-end=\"743\">de forma an\u00f3nima<\/strong>. En ese caso, deber\u00e1s facilitar una direcci\u00f3n de correo electr\u00f3nico v\u00e1lida para poder recibir notificaciones y realizar seguimiento.<\/p><p class=\"\" data-start=\"858\" data-end=\"1026\">Una vez enviada la denuncia, recibir\u00e1s un <strong data-start=\"893\" data-end=\"939\">correo electr\u00f3nico de confirmaci\u00f3n con un n\u00famero de referencia<\/strong>, que podr\u00e1s utilizar para consultar el estado del caso o aportar informaci\u00f3n adicional.<\/p><p class=\"\" data-start=\"1028\" data-end=\"1183\">Al enviar este formulario, consientes el tratamiento de los datos exclusivamente con la finalidad de investigar y resolver los hechos denunciados.<\/p><p class=\"\" data-start=\"1185\" data-end=\"1358\">Para ejercer tus derechos en materia de protecci\u00f3n de datos (acceso, rectificaci\u00f3n, supresi\u00f3n, oposici\u00f3n, etc.), puedes contactar a trav\u00e9s de <strong data-start=\"1324\" data-end=\"1358\"><a class=\"cursor-pointer\" href=\"mailto:clo@globalcoffeeindustries.com\" rel=\"noopener\" data-start=\"1326\" data-end=\"1356\">clo@globalcoffeeindustries.com<\/a><\/strong><\/p><p data-start=\"1185\" data-end=\"1358\">Si tienes alg\u00fan problema t\u00e9cnico al enviar el formulario, por favor rep\u00f3rtalo a <a href=\"mailto:digital@globalcoffeeindustries.com\"><strong>digital@globalcoffeeindustries.com<\/strong><\/a><\/p>\t\t\t\t\t\t\t\t<\/div>\n\t\t\t\t<\/div>\n\t\t\t\t\t<\/div>\n\t\t<\/div>\n\t\t\t\t\t<\/div>\n\t\t<\/section>\n\t\t\t\t<\/div>","protected":false},"excerpt":{"rendered":"<p>Whistleblower Portal LEER EN ESPA\u00d1OL What is the whistleblower portal? The purpose of this portal is to\u00a0confidentially report on allegedly illegal conduct or violations of the Code of Conduct, as well as to report any irregularity, both internal and external, that goes against the interests of the company and its stakeholders. The Complaint Portal complies&#8230;<\/p>","protected":false},"author":2,"featured_media":0,"parent":0,"menu_order":0,"comment_status":"closed","ping_status":"closed","template":"","meta":{"footnotes":""},"class_list":["post-11353","page","type-page","status-publish","hentry"],"yoast_head":"<!-- This site is optimized with the Yoast SEO plugin v27.3 - https:\/\/yoast.com\/product\/yoast-seo-wordpress\/ -->\n<title>Canal de Denuncias | Global Coffee Industries<\/title>\n<meta name=\"robots\" content=\"noindex, nofollow\" \/>\n<meta property=\"og:locale\" content=\"es_ES\" \/>\n<meta property=\"og:type\" content=\"article\" \/>\n<meta property=\"og:title\" content=\"Canal de Denuncias | Global Coffee Industries\" \/>\n<meta property=\"og:description\" content=\"Whistleblower Portal LEER EN ESPA\u00d1OL What is the whistleblower portal? The purpose of this portal is to\u00a0confidentially report on allegedly illegal conduct or violations of the Code of Conduct, as well as to report any irregularity, both internal and external, that goes against the interests of the company and its stakeholders. The Complaint Portal complies...\" \/>\n<meta property=\"og:url\" content=\"https:\/\/globalcoffeeindustries.com\/es\/canal-denuncias\/\" \/>\n<meta property=\"og:site_name\" content=\"Global Coffee Industries\" \/>\n<meta property=\"article:modified_time\" content=\"2025-06-24T09:49:32+00:00\" \/>\n<meta property=\"og:image\" content=\"https:\/\/globalcoffeeindustries.com\/wp-content\/uploads\/2022\/07\/Global-Catunambu-Industria.jpg\" \/>\n\t<meta property=\"og:image:width\" content=\"2100\" \/>\n\t<meta property=\"og:image:height\" content=\"1486\" \/>\n\t<meta property=\"og:image:type\" content=\"image\/jpeg\" \/>\n<meta name=\"twitter:card\" content=\"summary_large_image\" \/>\n<meta name=\"twitter:label1\" content=\"Tiempo de lectura\" \/>\n\t<meta name=\"twitter:data1\" content=\"2 minutos\" \/>\n<script type=\"application\/ld+json\" class=\"yoast-schema-graph\">{\"@context\":\"https:\\\/\\\/schema.org\",\"@graph\":[{\"@type\":\"WebPage\",\"@id\":\"https:\\\/\\\/globalcoffeeindustries.com\\\/canal-denuncias\\\/\",\"url\":\"https:\\\/\\\/globalcoffeeindustries.com\\\/canal-denuncias\\\/\",\"name\":\"Canal de Denuncias | Global Coffee Industries\",\"isPartOf\":{\"@id\":\"https:\\\/\\\/globalcoffeeindustries.com\\\/#website\"},\"datePublished\":\"2025-03-26T13:17:24+00:00\",\"dateModified\":\"2025-06-24T09:49:32+00:00\",\"breadcrumb\":{\"@id\":\"https:\\\/\\\/globalcoffeeindustries.com\\\/canal-denuncias\\\/#breadcrumb\"},\"inLanguage\":\"es\",\"potentialAction\":[{\"@type\":\"ReadAction\",\"target\":[\"https:\\\/\\\/globalcoffeeindustries.com\\\/canal-denuncias\\\/\"]}]},{\"@type\":\"BreadcrumbList\",\"@id\":\"https:\\\/\\\/globalcoffeeindustries.com\\\/canal-denuncias\\\/#breadcrumb\",\"itemListElement\":[{\"@type\":\"ListItem\",\"position\":1,\"name\":\"Home\",\"item\":\"https:\\\/\\\/globalcoffeeindustries.com\\\/\"},{\"@type\":\"ListItem\",\"position\":2,\"name\":\"Canal de Denuncias\"}]},{\"@type\":\"WebSite\",\"@id\":\"https:\\\/\\\/globalcoffeeindustries.com\\\/#website\",\"url\":\"https:\\\/\\\/globalcoffeeindustries.com\\\/\",\"name\":\"Global Coffee Industries\",\"description\":\"More than 125 years of passion, experience and industrial excellence in coffee roasting.\",\"publisher\":{\"@id\":\"https:\\\/\\\/globalcoffeeindustries.com\\\/#organization\"},\"potentialAction\":[{\"@type\":\"SearchAction\",\"target\":{\"@type\":\"EntryPoint\",\"urlTemplate\":\"https:\\\/\\\/globalcoffeeindustries.com\\\/?s={search_term_string}\"},\"query-input\":{\"@type\":\"PropertyValueSpecification\",\"valueRequired\":true,\"valueName\":\"search_term_string\"}}],\"inLanguage\":\"es\"},{\"@type\":\"Organization\",\"@id\":\"https:\\\/\\\/globalcoffeeindustries.com\\\/#organization\",\"name\":\"Global Coffee Industries\",\"url\":\"https:\\\/\\\/globalcoffeeindustries.com\\\/\",\"logo\":{\"@type\":\"ImageObject\",\"inLanguage\":\"es\",\"@id\":\"https:\\\/\\\/globalcoffeeindustries.com\\\/#\\\/schema\\\/logo\\\/image\\\/\",\"url\":\"https:\\\/\\\/globalcoffeeindustries.com\\\/wp-content\\\/uploads\\\/2022\\\/06\\\/cropped-LOGO-GLOBAL-COFFEE-5.jpg\",\"contentUrl\":\"https:\\\/\\\/globalcoffeeindustries.com\\\/wp-content\\\/uploads\\\/2022\\\/06\\\/cropped-LOGO-GLOBAL-COFFEE-5.jpg\",\"width\":249,\"height\":280,\"caption\":\"Global Coffee Industries\"},\"image\":{\"@id\":\"https:\\\/\\\/globalcoffeeindustries.com\\\/#\\\/schema\\\/logo\\\/image\\\/\"},\"sameAs\":[\"https:\\\/\\\/es.linkedin.com\\\/company\\\/global-coffee-industries\"]}]}<\/script>\n<!-- \/ Yoast SEO plugin. -->","yoast_head_json":{"title":"Canal de Denuncias | Global Coffee Industries","robots":{"index":"noindex","follow":"nofollow"},"og_locale":"es_ES","og_type":"article","og_title":"Canal de Denuncias | Global Coffee Industries","og_description":"Whistleblower Portal LEER EN ESPA\u00d1OL What is the whistleblower portal? The purpose of this portal is to\u00a0confidentially report on allegedly illegal conduct or violations of the Code of Conduct, as well as to report any irregularity, both internal and external, that goes against the interests of the company and its stakeholders. The Complaint Portal complies...","og_url":"https:\/\/globalcoffeeindustries.com\/es\/canal-denuncias\/","og_site_name":"Global Coffee Industries","article_modified_time":"2025-06-24T09:49:32+00:00","og_image":[{"width":2100,"height":1486,"url":"https:\/\/globalcoffeeindustries.com\/wp-content\/uploads\/2022\/07\/Global-Catunambu-Industria.jpg","type":"image\/jpeg"}],"twitter_card":"summary_large_image","twitter_misc":{"Tiempo de lectura":"2 minutos"},"schema":{"@context":"https:\/\/schema.org","@graph":[{"@type":"WebPage","@id":"https:\/\/globalcoffeeindustries.com\/canal-denuncias\/","url":"https:\/\/globalcoffeeindustries.com\/canal-denuncias\/","name":"Canal de Denuncias | Global Coffee Industries","isPartOf":{"@id":"https:\/\/globalcoffeeindustries.com\/#website"},"datePublished":"2025-03-26T13:17:24+00:00","dateModified":"2025-06-24T09:49:32+00:00","breadcrumb":{"@id":"https:\/\/globalcoffeeindustries.com\/canal-denuncias\/#breadcrumb"},"inLanguage":"es","potentialAction":[{"@type":"ReadAction","target":["https:\/\/globalcoffeeindustries.com\/canal-denuncias\/"]}]},{"@type":"BreadcrumbList","@id":"https:\/\/globalcoffeeindustries.com\/canal-denuncias\/#breadcrumb","itemListElement":[{"@type":"ListItem","position":1,"name":"Home","item":"https:\/\/globalcoffeeindustries.com\/"},{"@type":"ListItem","position":2,"name":"Canal de Denuncias"}]},{"@type":"WebSite","@id":"https:\/\/globalcoffeeindustries.com\/#website","url":"https:\/\/globalcoffeeindustries.com\/","name":"Global Coffee Industries","description":"More than 125 years of passion, experience and industrial excellence in coffee roasting.","publisher":{"@id":"https:\/\/globalcoffeeindustries.com\/#organization"},"potentialAction":[{"@type":"SearchAction","target":{"@type":"EntryPoint","urlTemplate":"https:\/\/globalcoffeeindustries.com\/?s={search_term_string}"},"query-input":{"@type":"PropertyValueSpecification","valueRequired":true,"valueName":"search_term_string"}}],"inLanguage":"es"},{"@type":"Organization","@id":"https:\/\/globalcoffeeindustries.com\/#organization","name":"Global Coffee Industries","url":"https:\/\/globalcoffeeindustries.com\/","logo":{"@type":"ImageObject","inLanguage":"es","@id":"https:\/\/globalcoffeeindustries.com\/#\/schema\/logo\/image\/","url":"https:\/\/globalcoffeeindustries.com\/wp-content\/uploads\/2022\/06\/cropped-LOGO-GLOBAL-COFFEE-5.jpg","contentUrl":"https:\/\/globalcoffeeindustries.com\/wp-content\/uploads\/2022\/06\/cropped-LOGO-GLOBAL-COFFEE-5.jpg","width":249,"height":280,"caption":"Global Coffee Industries"},"image":{"@id":"https:\/\/globalcoffeeindustries.com\/#\/schema\/logo\/image\/"},"sameAs":["https:\/\/es.linkedin.com\/company\/global-coffee-industries"]}]}},"_links":{"self":[{"href":"https:\/\/globalcoffeeindustries.com\/es\/wp-json\/wp\/v2\/pages\/11353","targetHints":{"allow":["GET"]}}],"collection":[{"href":"https:\/\/globalcoffeeindustries.com\/es\/wp-json\/wp\/v2\/pages"}],"about":[{"href":"https:\/\/globalcoffeeindustries.com\/es\/wp-json\/wp\/v2\/types\/page"}],"author":[{"embeddable":true,"href":"https:\/\/globalcoffeeindustries.com\/es\/wp-json\/wp\/v2\/users\/2"}],"replies":[{"embeddable":true,"href":"https:\/\/globalcoffeeindustries.com\/es\/wp-json\/wp\/v2\/comments?post=11353"}],"version-history":[{"count":23,"href":"https:\/\/globalcoffeeindustries.com\/es\/wp-json\/wp\/v2\/pages\/11353\/revisions"}],"predecessor-version":[{"id":11418,"href":"https:\/\/globalcoffeeindustries.com\/es\/wp-json\/wp\/v2\/pages\/11353\/revisions\/11418"}],"wp:attachment":[{"href":"https:\/\/globalcoffeeindustries.com\/es\/wp-json\/wp\/v2\/media?parent=11353"}],"curies":[{"name":"wp","href":"https:\/\/api.w.org\/{rel}","templated":true}]}}