{"id":11664,"date":"2025-12-01T12:22:10","date_gmt":"2025-12-01T12:22:10","guid":{"rendered":"https:\/\/globalcoffeeindustries.com\/?page_id=11664"},"modified":"2025-12-01T12:37:29","modified_gmt":"2025-12-01T12:37:29","slug":"proyectos","status":"publish","type":"page","link":"https:\/\/globalcoffeeindustries.com\/es\/proyectos\/","title":{"rendered":"Proyectos"},"content":{"rendered":"<div data-elementor-type=\"wp-page\" data-elementor-id=\"11664\" class=\"elementor elementor-11664\" data-elementor-post-type=\"page\">\n\t\t\t\t<div class=\"elementor-element elementor-element-49c0858 e-flex e-con-boxed e-con e-parent\" data-id=\"49c0858\" data-element_type=\"container\">\n\t\t\t\t\t<div class=\"e-con-inner\">\n\t\t\t\t<div class=\"elementor-element elementor-element-d74db93 elementor-widget elementor-widget-heading\" data-id=\"d74db93\" data-element_type=\"widget\" data-widget_type=\"heading.default\">\n\t\t\t\t<div class=\"elementor-widget-container\">\n\t\t\t\t\t<h4 class=\"elementor-heading-title elementor-size-default\"><p data-start=\"155\" data-end=\"188\"><strong data-start=\"155\" data-end=\"188\">Solicitud de registro para nuevos proyectos<\/strong><\/p><\/h4>\t\t\t\t<\/div>\n\t\t\t\t<\/div>\n\t\t\t\t\t<\/div>\n\t\t\t\t<\/div>\n\t\t<div class=\"elementor-element elementor-element-3a53a58 e-flex e-con-boxed e-con e-parent\" data-id=\"3a53a58\" data-element_type=\"container\" data-settings=\"{&quot;background_background&quot;:&quot;classic&quot;}\">\n\t\t\t\t\t<div class=\"e-con-inner\">\n\t\t<div class=\"elementor-element elementor-element-28f8927 e-con-full e-flex e-con e-child\" data-id=\"28f8927\" data-element_type=\"container\" data-settings=\"{&quot;background_background&quot;:&quot;classic&quot;}\">\n\t\t\t\t<div class=\"elementor-element elementor-element-7709223 elementor-widget__width-initial elementor-widget elementor-widget-image\" data-id=\"7709223\" data-element_type=\"widget\" data-widget_type=\"image.default\">\n\t\t\t\t<div class=\"elementor-widget-container\">\n\t\t\t\t\t\t\t\t\t\t\t\t\t\t\t<img fetchpriority=\"high\" decoding=\"async\" width=\"643\" height=\"247\" src=\"https:\/\/globalcoffeeindustries.com\/wp-content\/uploads\/2025\/12\/GLOBAL.png\" class=\"attachment-large size-large wp-image-11666\" alt=\"\" srcset=\"https:\/\/globalcoffeeindustries.com\/wp-content\/uploads\/2025\/12\/GLOBAL.png 643w, https:\/\/globalcoffeeindustries.com\/wp-content\/uploads\/2025\/12\/GLOBAL-300x115.png 300w, https:\/\/globalcoffeeindustries.com\/wp-content\/uploads\/2025\/12\/GLOBAL-18x7.png 18w, https:\/\/globalcoffeeindustries.com\/wp-content\/uploads\/2025\/12\/GLOBAL-640x247.png 640w\" sizes=\"(max-width: 643px) 100vw, 643px\" \/>\t\t\t\t\t\t\t\t\t\t\t\t\t\t\t<\/div>\n\t\t\t\t<\/div>\n\t\t\t\t<div class=\"elementor-element elementor-element-958b770 elementor-widget elementor-widget-heading\" data-id=\"958b770\" data-element_type=\"widget\" data-widget_type=\"heading.default\">\n\t\t\t\t<div class=\"elementor-widget-container\">\n\t\t\t\t\t<h4 class=\"elementor-heading-title elementor-size-default\">Proyectos de caf\u00e9 en grano y molido<\/h4>\t\t\t\t<\/div>\n\t\t\t\t<\/div>\n\t\t\t\t<div class=\"elementor-element elementor-element-d7d8554 elementor-widget elementor-widget-text-editor\" data-id=\"d7d8554\" data-element_type=\"widget\" data-widget_type=\"text-editor.default\">\n\t\t\t\t<div class=\"elementor-widget-container\">\n\t\t\t\t\t\t\t\t\t<p>Cada mezcla comienza con un briefclaro. Utilice este formulario para registrar todas los nuevos proyectos de caf\u00e9 en grano, molido y RTD y ay\u00fadenos a definir su alcance desde el principio. Una vez enviado, el proyecto se integra a nuestro flujo de trabajo interno para que el equipo pueda evaluarlo y avanzar de la manera m\u00e1s eficiente.<br><\/p>\t\t\t\t\t\t\t\t<\/div>\n\t\t\t\t<\/div>\n\t\t\t\t<div class=\"elementor-element elementor-element-1d0b0ff elementor-align-center elementor-widget elementor-widget-button\" data-id=\"1d0b0ff\" data-element_type=\"widget\" data-widget_type=\"button.default\">\n\t\t\t\t<div class=\"elementor-widget-container\">\n\t\t\t\t\t\t\t\t\t<div class=\"elementor-button-wrapper\">\n\t\t\t\t\t<a class=\"elementor-button elementor-button-link elementor-size-sm\" href=\"https:\/\/globalcoffeeindustries.com\/es\/nuevos-proyectos\/\" target=\"_blank\">\n\t\t\t\t\t\t<span class=\"elementor-button-content-wrapper\">\n\t\t\t\t\t\t<span class=\"elementor-button-icon\">\n\t\t\t\t<i aria-hidden=\"true\" class=\"fas fa-mouse-pointer\"><\/i>\t\t\t<\/span>\n\t\t\t\t\t\t\t\t\t<span class=\"elementor-button-text\">Inicio nuevo proyecto<\/span>\n\t\t\t\t\t<\/span>\n\t\t\t\t\t<\/a>\n\t\t\t\t<\/div>\n\t\t\t\t\t\t\t\t<\/div>\n\t\t\t\t<\/div>\n\t\t\t\t<\/div>\n\t\t<div class=\"elementor-element elementor-element-2d95ee7 e-con-full e-flex e-con e-child\" data-id=\"2d95ee7\" data-element_type=\"container\" data-settings=\"{&quot;background_background&quot;:&quot;classic&quot;}\">\n\t\t\t\t<div class=\"elementor-element elementor-element-4e981cc elementor-widget__width-initial elementor-widget elementor-widget-image\" data-id=\"4e981cc\" data-element_type=\"widget\" data-widget_type=\"image.default\">\n\t\t\t\t<div class=\"elementor-widget-container\">\n\t\t\t\t\t\t\t\t\t\t\t\t\t\t\t<img decoding=\"async\" width=\"1024\" height=\"128\" src=\"https:\/\/globalcoffeeindustries.com\/wp-content\/uploads\/2025\/12\/GLOBAL2-1024x128.png\" class=\"attachment-large size-large wp-image-11667\" alt=\"\" srcset=\"https:\/\/globalcoffeeindustries.com\/wp-content\/uploads\/2025\/12\/GLOBAL2-1024x128.png 1024w, https:\/\/globalcoffeeindustries.com\/wp-content\/uploads\/2025\/12\/GLOBAL2-300x37.png 300w, https:\/\/globalcoffeeindustries.com\/wp-content\/uploads\/2025\/12\/GLOBAL2-768x96.png 768w, https:\/\/globalcoffeeindustries.com\/wp-content\/uploads\/2025\/12\/GLOBAL2-1536x192.png 1536w, https:\/\/globalcoffeeindustries.com\/wp-content\/uploads\/2025\/12\/GLOBAL2-18x2.png 18w, https:\/\/globalcoffeeindustries.com\/wp-content\/uploads\/2025\/12\/GLOBAL2.png 1970w\" sizes=\"(max-width: 1024px) 100vw, 1024px\" \/>\t\t\t\t\t\t\t\t\t\t\t\t\t\t\t<\/div>\n\t\t\t\t<\/div>\n\t\t\t\t<div class=\"elementor-element elementor-element-38e5f4a elementor-widget elementor-widget-heading\" data-id=\"38e5f4a\" data-element_type=\"widget\" data-widget_type=\"heading.default\">\n\t\t\t\t<div class=\"elementor-widget-container\">\n\t\t\t\t\t<h4 class=\"elementor-heading-title elementor-size-default\">Proyectos de c\u00e1psulas de caf\u00e9 y t\u00e9<\/h4>\t\t\t\t<\/div>\n\t\t\t\t<\/div>\n\t\t\t\t<div class=\"elementor-element elementor-element-76277e9 elementor-widget elementor-widget-text-editor\" data-id=\"76277e9\" data-element_type=\"widget\" data-widget_type=\"text-editor.default\">\n\t\t\t\t<div class=\"elementor-widget-container\">\n\t\t\t\t\t\t\t\t\t<p>La precisi\u00f3n impulsa la innovaci\u00f3n en c\u00e1psulas. Este formulario centraliza todas las nuevas solicitudes de c\u00e1psulas de caf\u00e9 y t\u00e9 para garantizar que tengamos la informaci\u00f3n t\u00e9cnica necesaria desde el primer paso. Su env\u00edo activa el trabajo coordinado de todos los equipos involucrados.&nbsp;<\/p>\t\t\t\t\t\t\t\t<\/div>\n\t\t\t\t<\/div>\n\t\t\t\t<div class=\"elementor-element elementor-element-e32f1a4 elementor-align-center elementor-widget elementor-widget-button\" data-id=\"e32f1a4\" data-element_type=\"widget\" data-widget_type=\"button.default\">\n\t\t\t\t<div class=\"elementor-widget-container\">\n\t\t\t\t\t\t\t\t\t<div class=\"elementor-button-wrapper\">\n\t\t\t\t\t<a class=\"elementor-button elementor-size-sm\" role=\"button\">\n\t\t\t\t\t\t<span class=\"elementor-button-content-wrapper\">\n\t\t\t\t\t\t<span class=\"elementor-button-icon\">\n\t\t\t\t<i aria-hidden=\"true\" class=\"fas fa-mouse-pointer\"><\/i>\t\t\t<\/span>\n\t\t\t\t\t\t\t\t\t<span class=\"elementor-button-text\">Pr\u00f3ximamente<\/span>\n\t\t\t\t\t<\/span>\n\t\t\t\t\t<\/a>\n\t\t\t\t<\/div>\n\t\t\t\t\t\t\t\t<\/div>\n\t\t\t\t<\/div>\n\t\t\t\t<\/div>\n\t\t\t\t\t<\/div>\n\t\t\t\t<\/div>\n\t\t<div class=\"elementor-element elementor-element-1802167 e-flex e-con-boxed e-con e-parent\" data-id=\"1802167\" data-element_type=\"container\" data-settings=\"{&quot;background_background&quot;:&quot;classic&quot;}\">\n\t\t\t\t\t<div class=\"e-con-inner\">\n\t\t\t\t<div class=\"elementor-element elementor-element-3ce21c0 elementor-widget elementor-widget-text-editor\" data-id=\"3ce21c0\" data-element_type=\"widget\" data-widget_type=\"text-editor.default\">\n\t\t\t\t<div class=\"elementor-widget-container\">\n\t\t\t\t\t\t\t\t\t<p>S\u00f3lo se trabajar\u00e1n las solicitudes enviadas a trav\u00e9s de este canal.<br data-start=\"451\" data-end=\"454\" \/>Gracias por ayudarnos a darle a cada caf\u00e9 el proceso que merece.<\/p><p>Cualquier pregunta por favor escribir a <strong>plmanager@globalcoffeeindustries.com<\/strong><\/p>\t\t\t\t\t\t\t\t<\/div>\n\t\t\t\t<\/div>\n\t\t\t\t\t<\/div>\n\t\t\t\t<\/div>\n\t\t\t\t<\/div>","protected":false},"excerpt":{"rendered":"<p>New Product Project Gateway! Coffee Beans &amp; Ground Coffee Projects Every blend starts with a clear brief. Use this form to register all new bean, ground coffee &amp; RTD proposals and help us define their scope from the very beginning. Once submitted, the project enters our internal workflow so the team can evaluate and move&#8230;<\/p>","protected":false},"author":5,"featured_media":0,"parent":0,"menu_order":0,"comment_status":"closed","ping_status":"closed","template":"","meta":{"footnotes":""},"class_list":["post-11664","page","type-page","status-publish","hentry"],"yoast_head":"<!-- This site is optimized with the Yoast SEO plugin v27.4 - https:\/\/yoast.com\/product\/yoast-seo-wordpress\/ -->\n<title>Proyectos | Global Coffee Industries<\/title>\n<meta name=\"robots\" content=\"index, follow, max-snippet:-1, max-image-preview:large, max-video-preview:-1\" \/>\n<link rel=\"canonical\" href=\"https:\/\/globalcoffeeindustries.com\/es\/proyectos\/\" \/>\n<meta property=\"og:locale\" content=\"es_ES\" \/>\n<meta property=\"og:type\" content=\"article\" \/>\n<meta property=\"og:title\" content=\"Proyectos | Global Coffee Industries\" \/>\n<meta property=\"og:description\" content=\"New Product Project Gateway! Coffee Beans &amp; Ground Coffee Projects Every blend starts with a clear brief. Use this form to register all new bean, ground coffee &amp; RTD proposals and help us define their scope from the very beginning. Once submitted, the project enters our internal workflow so the team can evaluate and move...\" \/>\n<meta property=\"og:url\" content=\"https:\/\/globalcoffeeindustries.com\/es\/proyectos\/\" \/>\n<meta property=\"og:site_name\" content=\"Global Coffee Industries\" \/>\n<meta property=\"article:modified_time\" content=\"2025-12-01T12:37:29+00:00\" \/>\n<meta property=\"og:image\" content=\"https:\/\/globalcoffeeindustries.com\/wp-content\/uploads\/2025\/12\/GLOBAL.png\" \/>\n\t<meta property=\"og:image:width\" content=\"643\" \/>\n\t<meta property=\"og:image:height\" content=\"247\" \/>\n\t<meta property=\"og:image:type\" content=\"image\/png\" \/>\n<meta name=\"twitter:card\" content=\"summary_large_image\" \/>\n<meta name=\"twitter:label1\" content=\"Tiempo de lectura\" \/>\n\t<meta name=\"twitter:data1\" content=\"1 minuto\" \/>\n<script type=\"application\/ld+json\" class=\"yoast-schema-graph\">{\"@context\":\"https:\\\/\\\/schema.org\",\"@graph\":[{\"@type\":\"WebPage\",\"@id\":\"https:\\\/\\\/globalcoffeeindustries.com\\\/proyectos\\\/\",\"url\":\"https:\\\/\\\/globalcoffeeindustries.com\\\/proyectos\\\/\",\"name\":\"Proyectos | Global Coffee Industries\",\"isPartOf\":{\"@id\":\"https:\\\/\\\/globalcoffeeindustries.com\\\/#website\"},\"primaryImageOfPage\":{\"@id\":\"https:\\\/\\\/globalcoffeeindustries.com\\\/proyectos\\\/#primaryimage\"},\"image\":{\"@id\":\"https:\\\/\\\/globalcoffeeindustries.com\\\/proyectos\\\/#primaryimage\"},\"thumbnailUrl\":\"https:\\\/\\\/globalcoffeeindustries.com\\\/wp-content\\\/uploads\\\/2025\\\/12\\\/GLOBAL.png\",\"datePublished\":\"2025-12-01T12:22:10+00:00\",\"dateModified\":\"2025-12-01T12:37:29+00:00\",\"breadcrumb\":{\"@id\":\"https:\\\/\\\/globalcoffeeindustries.com\\\/proyectos\\\/#breadcrumb\"},\"inLanguage\":\"es\",\"potentialAction\":[{\"@type\":\"ReadAction\",\"target\":[\"https:\\\/\\\/globalcoffeeindustries.com\\\/proyectos\\\/\"]}]},{\"@type\":\"ImageObject\",\"inLanguage\":\"es\",\"@id\":\"https:\\\/\\\/globalcoffeeindustries.com\\\/proyectos\\\/#primaryimage\",\"url\":\"https:\\\/\\\/globalcoffeeindustries.com\\\/wp-content\\\/uploads\\\/2025\\\/12\\\/GLOBAL.png\",\"contentUrl\":\"https:\\\/\\\/globalcoffeeindustries.com\\\/wp-content\\\/uploads\\\/2025\\\/12\\\/GLOBAL.png\"},{\"@type\":\"BreadcrumbList\",\"@id\":\"https:\\\/\\\/globalcoffeeindustries.com\\\/proyectos\\\/#breadcrumb\",\"itemListElement\":[{\"@type\":\"ListItem\",\"position\":1,\"name\":\"Home\",\"item\":\"https:\\\/\\\/globalcoffeeindustries.com\\\/\"},{\"@type\":\"ListItem\",\"position\":2,\"name\":\"Proyectos\"}]},{\"@type\":\"WebSite\",\"@id\":\"https:\\\/\\\/globalcoffeeindustries.com\\\/#website\",\"url\":\"https:\\\/\\\/globalcoffeeindustries.com\\\/\",\"name\":\"Global Coffee Industries\",\"description\":\"More than 125 years of passion, experience and industrial excellence in coffee roasting.\",\"publisher\":{\"@id\":\"https:\\\/\\\/globalcoffeeindustries.com\\\/#organization\"},\"potentialAction\":[{\"@type\":\"SearchAction\",\"target\":{\"@type\":\"EntryPoint\",\"urlTemplate\":\"https:\\\/\\\/globalcoffeeindustries.com\\\/?s={search_term_string}\"},\"query-input\":{\"@type\":\"PropertyValueSpecification\",\"valueRequired\":true,\"valueName\":\"search_term_string\"}}],\"inLanguage\":\"es\"},{\"@type\":\"Organization\",\"@id\":\"https:\\\/\\\/globalcoffeeindustries.com\\\/#organization\",\"name\":\"Global Coffee Industries\",\"url\":\"https:\\\/\\\/globalcoffeeindustries.com\\\/\",\"logo\":{\"@type\":\"ImageObject\",\"inLanguage\":\"es\",\"@id\":\"https:\\\/\\\/globalcoffeeindustries.com\\\/#\\\/schema\\\/logo\\\/image\\\/\",\"url\":\"https:\\\/\\\/globalcoffeeindustries.com\\\/wp-content\\\/uploads\\\/2022\\\/06\\\/cropped-LOGO-GLOBAL-COFFEE-5.jpg\",\"contentUrl\":\"https:\\\/\\\/globalcoffeeindustries.com\\\/wp-content\\\/uploads\\\/2022\\\/06\\\/cropped-LOGO-GLOBAL-COFFEE-5.jpg\",\"width\":249,\"height\":280,\"caption\":\"Global Coffee Industries\"},\"image\":{\"@id\":\"https:\\\/\\\/globalcoffeeindustries.com\\\/#\\\/schema\\\/logo\\\/image\\\/\"},\"sameAs\":[\"https:\\\/\\\/es.linkedin.com\\\/company\\\/global-coffee-industries\"]}]}<\/script>\n<!-- \/ Yoast SEO plugin. -->","yoast_head_json":{"title":"Proyectos | Global Coffee Industries","robots":{"index":"index","follow":"follow","max-snippet":"max-snippet:-1","max-image-preview":"max-image-preview:large","max-video-preview":"max-video-preview:-1"},"canonical":"https:\/\/globalcoffeeindustries.com\/es\/proyectos\/","og_locale":"es_ES","og_type":"article","og_title":"Proyectos | Global Coffee Industries","og_description":"New Product Project Gateway! Coffee Beans &amp; Ground Coffee Projects Every blend starts with a clear brief. Use this form to register all new bean, ground coffee &amp; RTD proposals and help us define their scope from the very beginning. Once submitted, the project enters our internal workflow so the team can evaluate and move...","og_url":"https:\/\/globalcoffeeindustries.com\/es\/proyectos\/","og_site_name":"Global Coffee Industries","article_modified_time":"2025-12-01T12:37:29+00:00","og_image":[{"width":643,"height":247,"url":"https:\/\/globalcoffeeindustries.com\/wp-content\/uploads\/2025\/12\/GLOBAL.png","type":"image\/png"}],"twitter_card":"summary_large_image","twitter_misc":{"Tiempo de lectura":"1 minuto"},"schema":{"@context":"https:\/\/schema.org","@graph":[{"@type":"WebPage","@id":"https:\/\/globalcoffeeindustries.com\/proyectos\/","url":"https:\/\/globalcoffeeindustries.com\/proyectos\/","name":"Proyectos | Global Coffee Industries","isPartOf":{"@id":"https:\/\/globalcoffeeindustries.com\/#website"},"primaryImageOfPage":{"@id":"https:\/\/globalcoffeeindustries.com\/proyectos\/#primaryimage"},"image":{"@id":"https:\/\/globalcoffeeindustries.com\/proyectos\/#primaryimage"},"thumbnailUrl":"https:\/\/globalcoffeeindustries.com\/wp-content\/uploads\/2025\/12\/GLOBAL.png","datePublished":"2025-12-01T12:22:10+00:00","dateModified":"2025-12-01T12:37:29+00:00","breadcrumb":{"@id":"https:\/\/globalcoffeeindustries.com\/proyectos\/#breadcrumb"},"inLanguage":"es","potentialAction":[{"@type":"ReadAction","target":["https:\/\/globalcoffeeindustries.com\/proyectos\/"]}]},{"@type":"ImageObject","inLanguage":"es","@id":"https:\/\/globalcoffeeindustries.com\/proyectos\/#primaryimage","url":"https:\/\/globalcoffeeindustries.com\/wp-content\/uploads\/2025\/12\/GLOBAL.png","contentUrl":"https:\/\/globalcoffeeindustries.com\/wp-content\/uploads\/2025\/12\/GLOBAL.png"},{"@type":"BreadcrumbList","@id":"https:\/\/globalcoffeeindustries.com\/proyectos\/#breadcrumb","itemListElement":[{"@type":"ListItem","position":1,"name":"Home","item":"https:\/\/globalcoffeeindustries.com\/"},{"@type":"ListItem","position":2,"name":"Proyectos"}]},{"@type":"WebSite","@id":"https:\/\/globalcoffeeindustries.com\/#website","url":"https:\/\/globalcoffeeindustries.com\/","name":"Global Coffee Industries","description":"More than 125 years of passion, experience and industrial excellence in coffee roasting.","publisher":{"@id":"https:\/\/globalcoffeeindustries.com\/#organization"},"potentialAction":[{"@type":"SearchAction","target":{"@type":"EntryPoint","urlTemplate":"https:\/\/globalcoffeeindustries.com\/?s={search_term_string}"},"query-input":{"@type":"PropertyValueSpecification","valueRequired":true,"valueName":"search_term_string"}}],"inLanguage":"es"},{"@type":"Organization","@id":"https:\/\/globalcoffeeindustries.com\/#organization","name":"Global Coffee Industries","url":"https:\/\/globalcoffeeindustries.com\/","logo":{"@type":"ImageObject","inLanguage":"es","@id":"https:\/\/globalcoffeeindustries.com\/#\/schema\/logo\/image\/","url":"https:\/\/globalcoffeeindustries.com\/wp-content\/uploads\/2022\/06\/cropped-LOGO-GLOBAL-COFFEE-5.jpg","contentUrl":"https:\/\/globalcoffeeindustries.com\/wp-content\/uploads\/2022\/06\/cropped-LOGO-GLOBAL-COFFEE-5.jpg","width":249,"height":280,"caption":"Global Coffee Industries"},"image":{"@id":"https:\/\/globalcoffeeindustries.com\/#\/schema\/logo\/image\/"},"sameAs":["https:\/\/es.linkedin.com\/company\/global-coffee-industries"]}]}},"_links":{"self":[{"href":"https:\/\/globalcoffeeindustries.com\/es\/wp-json\/wp\/v2\/pages\/11664","targetHints":{"allow":["GET"]}}],"collection":[{"href":"https:\/\/globalcoffeeindustries.com\/es\/wp-json\/wp\/v2\/pages"}],"about":[{"href":"https:\/\/globalcoffeeindustries.com\/es\/wp-json\/wp\/v2\/types\/page"}],"author":[{"embeddable":true,"href":"https:\/\/globalcoffeeindustries.com\/es\/wp-json\/wp\/v2\/users\/5"}],"replies":[{"embeddable":true,"href":"https:\/\/globalcoffeeindustries.com\/es\/wp-json\/wp\/v2\/comments?post=11664"}],"version-history":[{"count":16,"href":"https:\/\/globalcoffeeindustries.com\/es\/wp-json\/wp\/v2\/pages\/11664\/revisions"}],"predecessor-version":[{"id":11682,"href":"https:\/\/globalcoffeeindustries.com\/es\/wp-json\/wp\/v2\/pages\/11664\/revisions\/11682"}],"wp:attachment":[{"href":"https:\/\/globalcoffeeindustries.com\/es\/wp-json\/wp\/v2\/media?parent=11664"}],"curies":[{"name":"wp","href":"https:\/\/api.w.org\/{rel}","templated":true}]}}